{"id":3553,"date":"2022-05-04T11:33:57","date_gmt":"2022-05-04T09:33:57","guid":{"rendered":"https:\/\/jupiter-integration.pl\/contact\/"},"modified":"2022-09-28T14:53:10","modified_gmt":"2022-09-28T12:53:10","slug":"contact","status":"publish","type":"page","link":"https:\/\/jupiter-integration.pl\/en\/contact\/","title":{"rendered":"Contact"},"content":{"rendered":"<p><div class=\"fusion-fullwidth fullwidth-box fusion-builder-row-1 fusion-flex-container nonhundred-percent-fullwidth non-hundred-percent-height-scrolling\" style=\"background-color: rgba(255,255,255,0);background-position: center center;background-repeat: no-repeat;border-width: 0px 0px 0px 0px;border-color:hsla(var(--awb-color8-h),var(--awb-color8-s),var(--awb-color8-l),calc( var(--awb-color8-a) - 92% ));border-style:solid;\" ><div class=\"fusion-builder-row fusion-row fusion-flex-align-items-flex-start\" style=\"max-width:1372.8px;margin-left: calc(-4% \/ 2 );margin-right: calc(-4% \/ 2 );\"><div class=\"fusion-layout-column fusion_builder_column fusion-builder-column-0 fusion_builder_column_2_5 2_5 fusion-flex-column\"><div class=\"fusion-column-wrapper fusion-flex-justify-content-flex-start fusion-content-layout-column\" style=\"background-position:left top;background-repeat:no-repeat;-webkit-background-size:cover;-moz-background-size:cover;-o-background-size:cover;background-size:cover;padding: 0px 0px 0px 0px;\"><div class=\"fusion-lottie fusion-lottie-1\" data-id=\"1\"><div class=\"fusion-lottie-animation\" data-path=\"https:\/\/jupiter-integration.pl\/wp-content\/uploads\/2022\/05\/kontakt-2.json\" data-loop=\"0\" data-reverse=\"0\" data-speed=\"1\" data-trigger=\"none\"><\/div><\/div><\/div><style type=\"text\/css\">.fusion-body .fusion-builder-column-0{width:40% !important;margin-top : 20px;margin-bottom : 20px;}.fusion-builder-column-0 > .fusion-column-wrapper {padding-top : 0px !important;padding-right : 0px !important;margin-right : 4.8%;padding-bottom : 0px !important;padding-left : 0px !important;margin-left : 4.8%;}@media only screen and (max-width:1024px) {.fusion-body .fusion-builder-column-0{width:40% !important;order : 0;}.fusion-builder-column-0 > .fusion-column-wrapper {margin-right : 4.8%;margin-left : 4.8%;}}@media only screen and (max-width:640px) {.fusion-body .fusion-builder-column-0{width:100% !important;order : 0;}.fusion-builder-column-0 > .fusion-column-wrapper {margin-right : 1.92%;margin-left : 1.92%;}}<\/style><\/div><div class=\"fusion-layout-column fusion_builder_column fusion-builder-column-1 fusion_builder_column_3_5 3_5 fusion-flex-column\"><div class=\"fusion-column-wrapper fusion-flex-justify-content-flex-start fusion-content-layout-column\" style=\"background-position:left top;background-repeat:no-repeat;-webkit-background-size:cover;-moz-background-size:cover;-o-background-size:cover;background-size:cover;padding: 0px 0px 0px 0px;\"><style type=\"text\/css\">@media only screen and (max-width:1024px) {.fusion-title.fusion-title-1{margin-top:12px!important; margin-right:0px!important;margin-bottom:24px!important;margin-left:0px!important;}}@media only screen and (max-width:640px) {.fusion-title.fusion-title-1{margin-top:12px!important; margin-right:0px!important;margin-bottom:24px!important; margin-left:0px!important;}}<\/style><div class=\"fusion-title title fusion-title-1 fusion-sep-none fusion-title-text fusion-title-size-one\" style=\"margin-top:12px;margin-right:0px;margin-bottom:24px;margin-left:0px;\"><h1 class=\"title-heading-left fusion-responsive-typography-calculated\" style=\"margin:0;--fontSize:72;line-height:var(--awb-typography1-line-height);\">Contact us<\/h1><\/div><div class=\"fusion-text fusion-text-1\" style=\"text-transform:none;margin-top:20px;\"><p><strong>Apple for Business<br \/>\n<\/strong>Commercial Director &#8211; \u0141ukasz R\u0119bkowski<\/p>\n<p>Phone: <a href=\"tel:0048513008753\">513-008-753<\/a><br \/>\nE-mail address: <a href=\"mailto:lukasz@jupiter-integration.pl\">lukasz@jupiter-integration.pl<\/a><\/p>\n<\/div><div class=\"fusion-text fusion-text-2\" style=\"text-transform:none;margin-top:20px;\"><p><strong>Business Development Manager<br \/>\n<\/strong>S\u0142awomir \u0141ukasiewicz<\/p>\n<p>Phone: <a href=\"tel:0048513991326\">513-991-326<\/a><br \/>\nE-mail address: <a href=\"mailto:slawek@jupiter-integration.pl\">slawek@jupiter-integration.pl<\/a><\/p>\n<\/div><div class=\"fusion-text fusion-text-3\" style=\"text-transform:none;margin-top:20px;\"><p><strong>Video Solutions and Integrations<br \/>\n<\/strong>Director of Technology \u2013 Radek Tryc<\/p>\n<p>Phone: <a href=\"tel:667870992\">667-870-992<\/a><br \/>\nE-mail address: <a href=\"mailto:radek@jupiter-integration.pl\">radek@jupiter-integration.pl<\/a><\/p>\n<\/div><div class=\"fusion-text fusion-text-4\" style=\"text-transform:none;margin-top:20px;\"><p><strong>Head Office<br \/>\n<\/strong>Jupiter-Integration Sp. z o.o.<br \/>\n\u017bega\u0144ska 2A<br \/>\n04-713 Warsaw<\/p>\n<p>Phone: <a href=\"tel:224900126\">22 49 00 126<\/a><br \/>\nE-mail address: kontakt@jupiter-integration.pl<\/p>\n<\/div><div class=\"fusion-text fusion-text-5\" style=\"text-transform:none;margin-top:20px;\"><p><strong>Online Store<br \/>\n<\/strong>\u017bega\u0144ska 2A<br \/>\n04-713 Warsaw<\/p>\n<p>Phone: <a href=\"tel:511828849\">511-828-849<\/a><br \/>\nE-mail address: <a href=\"mailto:serwis@jupiter-integration.pl\">sklep@jupiter-integration.pl<\/a><\/p>\n<\/div><\/div><style type=\"text\/css\">.fusion-body .fusion-builder-column-1{width:60% !important;margin-top : 20px;margin-bottom : 20px;}.fusion-builder-column-1 > .fusion-column-wrapper {padding-top : 0px !important;padding-right : 0px !important;margin-right : 3.2%;padding-bottom : 0px !important;padding-left : 0px !important;margin-left : 3.2%;}@media only screen and (max-width:1024px) {.fusion-body .fusion-builder-column-1{width:60% !important;order : 0;}.fusion-builder-column-1 > .fusion-column-wrapper {margin-right : 3.2%;margin-left : 3.2%;}}@media only screen and (max-width:640px) {.fusion-body .fusion-builder-column-1{width:100% !important;order : 0;}.fusion-builder-column-1 > .fusion-column-wrapper {margin-right : 1.92%;margin-left : 1.92%;}}<\/style><\/div><\/div><style type=\"text\/css\">.fusion-body .fusion-flex-container.fusion-builder-row-1{ padding-top : 0px;margin-top : 0px;padding-right : 0px;padding-bottom : 0px;margin-bottom : 0px;padding-left : 0px;}<\/style><\/div><div class=\"fusion-fullwidth fullwidth-box fusion-builder-row-2 fusion-flex-container nonhundred-percent-fullwidth non-hundred-percent-height-scrolling\" style=\"background-color: rgba(255,255,255,0);background-position: center center;background-repeat: no-repeat;border-width: 0px 0px 0px 0px;border-color:hsla(var(--awb-color8-h),var(--awb-color8-s),var(--awb-color8-l),calc( var(--awb-color8-a) - 92% ));border-style:solid;\" ><div class=\"fusion-builder-row fusion-row fusion-flex-align-items-flex-start\" style=\"max-width:1372.8px;margin-left: calc(-4% \/ 2 );margin-right: calc(-4% \/ 2 );\"><div class=\"fusion-layout-column fusion_builder_column fusion-builder-column-2 fusion_builder_column_2_5 2_5 fusion-flex-column\"><div class=\"fusion-column-wrapper fusion-flex-justify-content-flex-start fusion-content-layout-column\" style=\"background-position:left top;background-repeat:no-repeat;-webkit-background-size:cover;-moz-background-size:cover;-o-background-size:cover;background-size:cover;padding: 0px 0px 0px 0px;\"><div class=\"fusion-lottie fusion-lottie-2\" data-id=\"2\"><div class=\"fusion-lottie-animation\" data-path=\"https:\/\/jupiter-integration.pl\/wp-content\/uploads\/2022\/05\/service.json\" data-loop=\"0\" data-reverse=\"0\" data-speed=\"1\" data-trigger=\"none\"><\/div><\/div><\/div><style type=\"text\/css\">.fusion-body .fusion-builder-column-2{width:40% !important;margin-top : 20px;margin-bottom : 20px;}.fusion-builder-column-2 > .fusion-column-wrapper {padding-top : 0px !important;padding-right : 0px !important;margin-right : 4.8%;padding-bottom : 0px !important;padding-left : 0px !important;margin-left : 4.8%;}@media only screen and (max-width:1024px) {.fusion-body .fusion-builder-column-2{width:40% !important;order : 0;}.fusion-builder-column-2 > .fusion-column-wrapper {margin-right : 4.8%;margin-left : 4.8%;}}@media only screen and (max-width:640px) {.fusion-body .fusion-builder-column-2{width:100% !important;order : 0;}.fusion-builder-column-2 > .fusion-column-wrapper {margin-right : 1.92%;margin-left : 1.92%;}}<\/style><\/div><div class=\"fusion-layout-column fusion_builder_column fusion-builder-column-3 fusion_builder_column_3_5 3_5 fusion-flex-column\"><div class=\"fusion-column-wrapper fusion-flex-justify-content-flex-start fusion-content-layout-column\" style=\"background-position:left top;background-repeat:no-repeat;-webkit-background-size:cover;-moz-background-size:cover;-o-background-size:cover;background-size:cover;padding: 0px 0px 0px 0px;\"><style type=\"text\/css\">@media only screen and (max-width:1024px) {.fusion-title.fusion-title-2{margin-top:12px!important; margin-right:0px!important;margin-bottom:24px!important;margin-left:0px!important;}}@media only screen and (max-width:640px) {.fusion-title.fusion-title-2{margin-top:12px!important; margin-right:0px!important;margin-bottom:24px!important; margin-left:0px!important;}}<\/style><div class=\"fusion-title title fusion-title-2 fusion-sep-none fusion-title-text fusion-title-size-one\" style=\"margin-top:12px;margin-right:0px;margin-bottom:24px;margin-left:0px;\"><h1 class=\"title-heading-left fusion-responsive-typography-calculated\" style=\"margin:0;--fontSize:72;line-height:var(--awb-typography1-line-height);\">Jupiter Apple Authorised Service Provider<\/h1><\/div><div class=\"fusion-text fusion-text-6\" style=\"text-transform:none;margin-top:20px;\"><p><strong>Warsaw Service Centre<\/strong><\/p>\n<p>Open from Monday to Friday 9:00 a.m. \u2013 6:00 p.m.<\/p>\n<p>Phone: <a href=\"tel:519486023\">519-486-023<\/a><br \/>\nE-mail address: serwis@jupiter-integration.pl<\/p>\n<p>Wilan\u00f3w, Rzeczpospolitej 22\/U3, 02-972 Warsaw<\/p>\n<\/div><div class=\"fusion-text fusion-text-7\" style=\"text-transform:none;margin-top:20px;\"><p><strong>Toru\u0144 Service Centre<\/strong><\/p>\n<p>Open from Monday to Friday 9:00 a.m. \u2013 6:00 p.m.<br \/>\nSaturdays from 10:00 a.m. to 2:00 p.m. 10.00-14.00<\/p>\n<p>Phone: <a href=\"tel:512538415\">512-538-415<\/a><br \/>\nE-mail address: <a href=\"mailto:serwis.torun@jupiter.com.pl\" target=\"_blank\" rel=\"noopener noreferrer\">serwis.torun@jupiter.com.pl<\/a><\/p>\n<p>\u017b\u00f3\u0142kiewskiego 5, 87-100 Toru\u0144<\/p>\n<\/div><\/div><style type=\"text\/css\">.fusion-body .fusion-builder-column-3{width:60% !important;margin-top : 20px;margin-bottom : 20px;}.fusion-builder-column-3 > .fusion-column-wrapper {padding-top : 0px !important;padding-right : 0px !important;margin-right : 3.2%;padding-bottom : 0px !important;padding-left : 0px !important;margin-left : 3.2%;}@media only screen and (max-width:1024px) {.fusion-body .fusion-builder-column-3{width:60% !important;order : 0;}.fusion-builder-column-3 > .fusion-column-wrapper {margin-right : 3.2%;margin-left : 3.2%;}}@media only screen and (max-width:640px) {.fusion-body .fusion-builder-column-3{width:100% !important;order : 0;}.fusion-builder-column-3 > .fusion-column-wrapper {margin-right : 1.92%;margin-left : 1.92%;}}<\/style><\/div><\/div><style type=\"text\/css\">.fusion-body .fusion-flex-container.fusion-builder-row-2{ padding-top : 0px;margin-top : 0px;padding-right : 0px;padding-bottom : 0px;margin-bottom : 0px;padding-left : 0px;}<\/style><\/div><\/p>\n","protected":false},"excerpt":{"rendered":"","protected":false},"author":1,"featured_media":0,"parent":0,"menu_order":0,"comment_status":"closed","ping_status":"closed","template":"","meta":{"inline_featured_image":false,"footnotes":""},"class_list":["post-3553","page","type-page","status-publish","hentry"],"acf":[],"yoast_head":"<!-- This site is optimized with the Yoast SEO plugin v26.0 - https:\/\/yoast.com\/wordpress\/plugins\/seo\/ -->\n<title>Contact - Jupiter-Integration - Tw\u00f3j partner Apple<\/title>\n<meta name=\"robots\" content=\"index, follow, max-snippet:-1, max-image-preview:large, max-video-preview:-1\" \/>\n<link rel=\"canonical\" href=\"https:\/\/jupiter-integration.pl\/en\/contact\/\" \/>\n<meta property=\"og:locale\" content=\"en_US\" \/>\n<meta property=\"og:type\" content=\"article\" \/>\n<meta property=\"og:title\" content=\"Contact - Jupiter-Integration - Tw\u00f3j partner Apple\" \/>\n<meta property=\"og:url\" content=\"https:\/\/jupiter-integration.pl\/en\/contact\/\" \/>\n<meta property=\"og:site_name\" content=\"Jupiter-Integration - Tw\u00f3j partner Apple\" \/>\n<meta property=\"article:modified_time\" content=\"2022-09-28T12:53:10+00:00\" \/>\n<meta name=\"twitter:card\" content=\"summary_large_image\" \/>\n<meta name=\"twitter:label1\" content=\"Est. reading time\" \/>\n\t<meta name=\"twitter:data1\" content=\"14 minutes\" \/>\n<script type=\"application\/ld+json\" class=\"yoast-schema-graph\">{\"@context\":\"https:\/\/schema.org\",\"@graph\":[{\"@type\":\"WebPage\",\"@id\":\"https:\/\/jupiter-integration.pl\/en\/contact\/\",\"url\":\"https:\/\/jupiter-integration.pl\/en\/contact\/\",\"name\":\"Contact - Jupiter-Integration - Tw\u00f3j partner Apple\",\"isPartOf\":{\"@id\":\"https:\/\/jupiter-integration.pl\/en\/#website\"},\"datePublished\":\"2022-05-04T09:33:57+00:00\",\"dateModified\":\"2022-09-28T12:53:10+00:00\",\"breadcrumb\":{\"@id\":\"https:\/\/jupiter-integration.pl\/en\/contact\/#breadcrumb\"},\"inLanguage\":\"en-US\",\"potentialAction\":[{\"@type\":\"ReadAction\",\"target\":[\"https:\/\/jupiter-integration.pl\/en\/contact\/\"]}]},{\"@type\":\"BreadcrumbList\",\"@id\":\"https:\/\/jupiter-integration.pl\/en\/contact\/#breadcrumb\",\"itemListElement\":[{\"@type\":\"ListItem\",\"position\":1,\"name\":\"Strona g\u0142\u00f3wna\",\"item\":\"https:\/\/jupiter-integration.pl\/en\/home\/\"},{\"@type\":\"ListItem\",\"position\":2,\"name\":\"Contact\"}]},{\"@type\":\"WebSite\",\"@id\":\"https:\/\/jupiter-integration.pl\/en\/#website\",\"url\":\"https:\/\/jupiter-integration.pl\/en\/\",\"name\":\"Jupiter-Integration - Tw\u00f3j partner Apple\",\"description\":\"Jupiter-Integration - Tw\u00f3j partner Apple\",\"potentialAction\":[{\"@type\":\"SearchAction\",\"target\":{\"@type\":\"EntryPoint\",\"urlTemplate\":\"https:\/\/jupiter-integration.pl\/en\/?s={search_term_string}\"},\"query-input\":{\"@type\":\"PropertyValueSpecification\",\"valueRequired\":true,\"valueName\":\"search_term_string\"}}],\"inLanguage\":\"en-US\"}]}<\/script>\n<!-- \/ Yoast SEO plugin. -->","yoast_head_json":{"title":"Contact - Jupiter-Integration - Tw\u00f3j partner Apple","robots":{"index":"index","follow":"follow","max-snippet":"max-snippet:-1","max-image-preview":"max-image-preview:large","max-video-preview":"max-video-preview:-1"},"canonical":"https:\/\/jupiter-integration.pl\/en\/contact\/","og_locale":"en_US","og_type":"article","og_title":"Contact - Jupiter-Integration - Tw\u00f3j partner Apple","og_url":"https:\/\/jupiter-integration.pl\/en\/contact\/","og_site_name":"Jupiter-Integration - Tw\u00f3j partner Apple","article_modified_time":"2022-09-28T12:53:10+00:00","twitter_card":"summary_large_image","twitter_misc":{"Est. reading time":"14 minutes"},"schema":{"@context":"https:\/\/schema.org","@graph":[{"@type":"WebPage","@id":"https:\/\/jupiter-integration.pl\/en\/contact\/","url":"https:\/\/jupiter-integration.pl\/en\/contact\/","name":"Contact - Jupiter-Integration - Tw\u00f3j partner Apple","isPartOf":{"@id":"https:\/\/jupiter-integration.pl\/en\/#website"},"datePublished":"2022-05-04T09:33:57+00:00","dateModified":"2022-09-28T12:53:10+00:00","breadcrumb":{"@id":"https:\/\/jupiter-integration.pl\/en\/contact\/#breadcrumb"},"inLanguage":"en-US","potentialAction":[{"@type":"ReadAction","target":["https:\/\/jupiter-integration.pl\/en\/contact\/"]}]},{"@type":"BreadcrumbList","@id":"https:\/\/jupiter-integration.pl\/en\/contact\/#breadcrumb","itemListElement":[{"@type":"ListItem","position":1,"name":"Strona g\u0142\u00f3wna","item":"https:\/\/jupiter-integration.pl\/en\/home\/"},{"@type":"ListItem","position":2,"name":"Contact"}]},{"@type":"WebSite","@id":"https:\/\/jupiter-integration.pl\/en\/#website","url":"https:\/\/jupiter-integration.pl\/en\/","name":"Jupiter-Integration - Tw\u00f3j partner Apple","description":"Jupiter-Integration - Tw\u00f3j partner Apple","potentialAction":[{"@type":"SearchAction","target":{"@type":"EntryPoint","urlTemplate":"https:\/\/jupiter-integration.pl\/en\/?s={search_term_string}"},"query-input":{"@type":"PropertyValueSpecification","valueRequired":true,"valueName":"search_term_string"}}],"inLanguage":"en-US"}]}},"_links":{"self":[{"href":"https:\/\/jupiter-integration.pl\/en\/wp-json\/wp\/v2\/pages\/3553","targetHints":{"allow":["GET"]}}],"collection":[{"href":"https:\/\/jupiter-integration.pl\/en\/wp-json\/wp\/v2\/pages"}],"about":[{"href":"https:\/\/jupiter-integration.pl\/en\/wp-json\/wp\/v2\/types\/page"}],"author":[{"embeddable":true,"href":"https:\/\/jupiter-integration.pl\/en\/wp-json\/wp\/v2\/users\/1"}],"replies":[{"embeddable":true,"href":"https:\/\/jupiter-integration.pl\/en\/wp-json\/wp\/v2\/comments?post=3553"}],"version-history":[{"count":10,"href":"https:\/\/jupiter-integration.pl\/en\/wp-json\/wp\/v2\/pages\/3553\/revisions"}],"predecessor-version":[{"id":3646,"href":"https:\/\/jupiter-integration.pl\/en\/wp-json\/wp\/v2\/pages\/3553\/revisions\/3646"}],"wp:attachment":[{"href":"https:\/\/jupiter-integration.pl\/en\/wp-json\/wp\/v2\/media?parent=3553"}],"curies":[{"name":"wp","href":"https:\/\/api.w.org\/{rel}","templated":true}]}}